{"id":1123,"date":"2026-04-03T06:12:27","date_gmt":"2026-04-03T06:12:27","guid":{"rendered":"https:\/\/www.lapinkulkuri.fi\/?page_id=1123"},"modified":"2026-04-27T06:22:45","modified_gmt":"2026-04-27T06:22:45","slug":"timco-atv-570r-pro","status":"publish","type":"page","link":"https:\/\/www.lapinkulkuri.fi\/index.php\/timco-atv-570r-pro\/","title":{"rendered":"Vuokrataan ATV kaivuulaite"},"content":{"rendered":"\n<p class=\"has-large-font-size\">Timco ATV-570R Pro<\/p>\n\n\n\n<div class=\"wp-block-columns is-layout-flex wp-container-core-columns-is-layout-9d6595d7 wp-block-columns-is-layout-flex\">\n<div class=\"wp-block-column is-layout-flow wp-block-column-is-layout-flow\" style=\"flex-basis:50%\">\n<div class=\"wp-block-cover\"><img loading=\"lazy\" decoding=\"async\" width=\"2048\" height=\"1536\" class=\"wp-block-cover__image-background wp-image-1275\" alt=\"\" src=\"https:\/\/www.lapinkulkuri.fi\/wp-content\/uploads\/2026\/04\/Timco_004.jpg\" data-object-fit=\"cover\" srcset=\"https:\/\/www.lapinkulkuri.fi\/wp-content\/uploads\/2026\/04\/Timco_004.jpg 2048w, https:\/\/www.lapinkulkuri.fi\/wp-content\/uploads\/2026\/04\/Timco_004-300x225.jpg 300w, https:\/\/www.lapinkulkuri.fi\/wp-content\/uploads\/2026\/04\/Timco_004-1024x768.jpg 1024w, https:\/\/www.lapinkulkuri.fi\/wp-content\/uploads\/2026\/04\/Timco_004-768x576.jpg 768w, https:\/\/www.lapinkulkuri.fi\/wp-content\/uploads\/2026\/04\/Timco_004-1536x1152.jpg 1536w\" sizes=\"auto, (max-width: 2048px) 100vw, 2048px\" \/><span aria-hidden=\"true\" class=\"wp-block-cover__background has-background-dim\"><\/span><div class=\"wp-block-cover__inner-container is-layout-flow wp-block-cover-is-layout-flow\">\n<p class=\"has-text-align-center has-theme-palette-9-color has-text-color has-link-color has-large-font-size wp-elements-c732e3f5aeb1f5c34c48c82ebe77f932\"><a href=\"https:\/\/www.lapinkulkuri.fi\/index.php\/ATV-galleria\/\" type=\"link\" id=\"https:\/\/www.lapinkulkuri.fi\/index.php\/vuokraamo\/\">Kuvagalleriaan&#8230;<\/a><\/p>\n<\/div><\/div>\n<\/div>\n\n\n\n<div class=\"wp-block-column is-layout-flow wp-block-column-is-layout-flow\" style=\"flex-basis:50%\"><\/div>\n<\/div>\n\n\n\n<p class=\"has-medium-font-size\"><strong>Vuokraus alkaen, 130 \u20ac (sis. alv 25,5%)<\/strong> =&gt; hinnasto ja tekniset tiedot ovat sivulla alempana<\/p>\n\n\n\n<p>Mik\u00e4li laitteen k\u00e4ytt\u00f6 ja hallinta tuntuu liian haasteelliselta, olen valmis my\u00f6s tekem\u00e4\u00e4n kaivuuty\u00f6si. Ilmainen arviointik\u00e4ynti, Rovaniemen l\u00e4hiymp\u00e4rist\u00f6.<\/p>\n\n\n\n<p>Kaivuulaite on uusi ja se on 360 astetta ymp\u00e4ripy\u00f6riv\u00e4\u00e4 mallia. Laite on my\u00f6s Pro mallia, joten siin\u00e4 on lis\u00e4hydrauliikka, hydraulisten lis\u00e4laitteiden k\u00e4ytt\u00f6\u00e4 varten (esim. maapora, iskuvasara ja hydraulinen tartuntapeukalo).<\/p>\n\n\n\n<p>Suosittelen jo nyt heti k\u00e4ym\u00e4\u00e4n katsomassa youtube -videoita, vaikka hakusanalla &#8221;Metsa Man kaivuulaite&#8221;. N\u00e4it\u00e4 katsottuaan alkaa ennakkoasenteet kaivuulaitteen kyvykkyyksist\u00e4 muuttua. Viimeist\u00e4\u00e4n siin\u00e4 vaiheessa kun katsoo &#8221;Mets\u00e4 Manin&#8221; videon, mets\u00e4-\/suo-ojan kaivuuprojektista: <a href=\"https:\/\/www.youtube.com\/watch?v=ajymJzzwYN4\" target=\"_blank\" rel=\"noreferrer noopener\">https:\/\/www.youtube.com\/watch?v=ajymJzzwYN4<\/a> . Mets\u00e4 Manin kone on kyll\u00e4kin Keffri merkkinen ja omatekoisella ohjaamolla, mutta kooltaan ja tehoiltaan Timcon luokkaa. Se ei kuitenkaan ole py\u00f6riv\u00e4\u00e4 mallia, kuten Timco on. Kyll\u00e4 sielt\u00e4 l\u00f6ytyy videoita, kuinka pihanurmikolta pilkist\u00e4v\u00e4t &#8221;isotkin&#8221; kivet saadaan nostettua yl\u00f6s. Timcolla kivi\u00e4 maan pinnalle&#8230; <a href=\"https:\/\/www.google.com\/search?sca_esv=aaa5e99ecd6c9da9&amp;sxsrf=ANbL-n4q9fCcqdgV-OsQ-JPAYrWCiEMs7g:1775710821663&amp;udm=7&amp;fbs=ADc_l-aUM-KYe1LJ2O78YEJYjpEzomiqP6SyjhPBfur8RS2O7J_okS3XEDlSYOqaBMFjj6FZ0fBgWt29kPW6Ayrl5sa5K8-USJed_QQpvTa9Dzit12fTxk4CNE9IxwfAg3p1nuC2hBZcBwpRAWKZZ7AtnenYAFVGeaMN7jsgrRrvmYiKULMme4WbXfmMOS9wNU5-_wMC4okQ&amp;q=atv+kaivuulaite&amp;sa=X&amp;ved=2ahUKEwjv4P6l_t-TAxVtUFUIHbYRF1gQtKgLegQIFBAB&amp;biw=1536&amp;bih=791&amp;dpr=1.25#fpstate=ive&amp;ip=1&amp;vld=cid:cf285782,vid:97BJ1CGe7wI,st:0\" target=\"_blank\" rel=\"noreferrer noopener\">Katso t\u00e4st\u00e4!<\/a> Toki nuo kivet olisi voinut upottaa syvemm\u00e4lle ja v\u00e4ltty\u00e4 kivien ja korvaavan maa-aineksen ajolta.<\/p>\n\n\n\n<p>Laitteen kuljetus per\u00e4k\u00e4rryll\u00e4. Kuljetusasennossa tukijalat k\u00e4\u00e4nnet\u00e4\u00e4n ja kierret\u00e4\u00e4n kapeampaan asentoon, jotta se sopii per\u00e4k\u00e4rrylle. Samoin renkaat tukivarsineen on siirrett\u00e4v\u00e4 kapeampaan kuljetusasentoon. Kaivuuty\u00f6ss\u00e4 renkaat tukivarsineen ovat taas leve\u00e4mm\u00e4ss\u00e4 asennossa ja tukivarret ovat k\u00e4\u00e4nnettyn\u00e4 ja kierrettyn\u00e4 leve\u00e4mp\u00e4\u00e4n kaivuuasentoon.<\/p>\n\n\n\n<p>Laitteessa on vetoaisa, jolla se voidaan kytke\u00e4 m\u00f6nkij\u00e4n tai auton vetokoukkuun, siirtoa varten. T\u00e4ll\u00f6in renkaat ja tukivarret vaihdetaan kesken\u00e4\u00e4n siten, ett\u00e4 renkaat siirret\u00e4\u00e4n toiseen p\u00e4\u00e4h\u00e4n laitetta ja tukivarret otetaan pois. Tukivarsille on kuljetuspaikka, renkaiden tukivarsien p\u00e4\u00e4ll\u00e4.<\/p>\n\n\n\n<p>Laitteessa on kolme eri kauhaa (30 cm ja 60 cm kuokkakauhat sek\u00e4 ojakauha), tartuntapeukalo ja routapiikki. Laite soveltuu rakennusten pieniin pohjat\u00f6ihin, ojan kaivamiseen, pensaiden ja perennapenkkien poistoon, sek\u00e4 maakaapelin ja salaojan asennusty\u00f6h\u00f6n. Ojakauhan tai routapiikin avulla onnistuu kivien ja kantojen poistaminen piha-alueelta. Tartuntapeukalon avulla voi kivet ja kannot nostaa per\u00e4k\u00e4rrylle.<\/p>\n\n\n\n<p>Pehme\u00e4\u00e4 ja upottavaa maastoa varten on laitteeseen vaihdettavissa isommat ATV -renkaat ja tukijalkojen alle isommat \u201dtassut\u201d. Tassut ovat 14 tuuman auton vanteet (n\u00e4kyy kuvissa). T\u00e4ll\u00e4 varustuksella kaivaa pehme\u00e4\u00e4 suo-ojaakin. Kuvissa on nyt pienemm\u00e4t perusrenkaat.<\/p>\n\n\n\n<p>Kaivuulaitteen kuljetus asiakkaalle, per\u00e4k\u00e4rryll\u00e4. Laitetta voi siirt\u00e4\u00e4 kohteessa, m\u00f6nkij\u00e4n tai auton vetokoukussa. Laitteessa on vetoaisa ja renkaat t\u00e4t\u00e4 varten. Vetokoukkuun kiinnitetty\u00e4 laitetta ei saa vet\u00e4\u00e4 tieliikenteess\u00e4. Itse kaivuukohteessa kaivuulaitteen liikuttelu tapahtuu, laitteen puomin (kauhan) avulla, ty\u00f6nt\u00e4m\u00e4ll\u00e4\/vet\u00e4m\u00e4ll\u00e4. Kaivuulaitetta ty\u00f6nnet\u00e4\u00e4n\/vedet\u00e4\u00e4n (\u201dk\u00e4velytet\u00e4\u00e4n\u201d) laitteessa olevien renkaiden varassa. Katso youtube -videoilta.<\/p>\n\n\n\n<p>Kaivuulaite on laadukkaasti valmistettu. Vain sit\u00e4 k\u00e4ytt\u00e4m\u00e4ll\u00e4 voi todeta, kuinka laadukas, toimiva ja voimakas se onkaan, yleisiin ennakkoasenteisiin n\u00e4hden. T\u00e4ll\u00e4 kaivuulaitteella voi menn\u00e4 vaikeakulkuiseen ja my\u00f6s kaltevaan kaivuukohteeseen, kun taas telakulkuisilla minikaivureilla ei ole n\u00e4ihin kohteisiin mit\u00e4\u00e4n asiaa.<\/p>\n\n\n\n<p>Kaivuulaitteen tukijalkojen ja renkaiden raidev\u00e4li on kaivuuasennossa noin 2 metri\u00e4, kun taas minikaivurin \u201draideleveys\u201d on yht\u00e4 kuin telav\u00e4li eli koneen leveys (alle 1 metri). T\u00e4st\u00e4 voi p\u00e4\u00e4tell\u00e4, kumpi pysyy paremmin pystyss\u00e4. Teloilla oleva minikaivuri onkin sis\u00e4tilojen, sek\u00e4 tasaisten ja ahtaiden kohteiden ty\u00f6kone.<\/p>\n\n\n\n<p>Kokemattomalla, mutta oppivaisella \u201dkonemiehell\u00e4\u201d alkaa kaivuulaitteen k\u00e4ytt\u00f6 sujua, jo parin tunnin harjoittelun j\u00e4lkeen.<\/p>\n\n\n\n<p>Laitteen kuljetus asiakkaalle, joko omatoimisesti asiakkaan omalla per\u00e4k\u00e4rryll\u00e4 tai vuokraamalla per\u00e4k\u00e4rry\u00e4. Omatoiminen laitteen per\u00e4k\u00e4rrylle \u201dk\u00e4velytt\u00e4minen\u201d ja k\u00e4rrylt\u00e4 pois ottaminen vaatii, venttiilip\u00f6yd\u00e4n vipujen eli puomin liikkeiden hyv\u00e4\u00e4 hallintaa. Laitteen toimitus ty\u00f6kohteeseen ja nouto onnistuu, korvausta vastaan.<\/p>\n\n\n\n<p><strong>Tekniset tiedot:<\/strong><\/p>\n\n\n\n<ul class=\"wp-block-list\">\n<li>Paino: Laitteen tyhj\u00e4paino: 570 kg<\/li>\n\n\n\n<li>Teho: 15 hv bensiinimoottori, pieni kulutus ja vetonaruk\u00e4ynnistys<\/li>\n\n\n\n<li>Maksimi kaivusyvyys: 2,1 m<\/li>\n\n\n\n<li>Maksimi kaivus\u00e4de: 2,8 m<\/li>\n\n\n\n<li>Maksimi kaivukorkeus: 2,5 m<\/li>\n\n\n\n<li>Maksimi kuormauskorkeus: 1,2 m<\/li>\n\n\n\n<li>Raidev\u00e4li renkailla: 1,9 m<\/li>\n\n\n\n<li>Tukijalkojen leveys: 2,0 m<\/li>\n\n\n\n<li>Tukijalkojen leveys vanteilla: 2,25 m<\/li>\n\n\n\n<li>K\u00e4\u00e4nt\u00f6s\u00e4de: 360 astetta<\/li>\n\n\n\n<li>Kauhan k\u00e4\u00e4nt\u00f6kulma: 160 astetta<\/li>\n\n\n\n<li>Kuokkakauhojen leveydet: 300 mm ja 600 mm<\/li>\n\n\n\n<li>Ojakauhan leveys: 200\/600 mm<\/li>\n\n\n\n<li>Tartuntapeukalo<\/li>\n\n\n\n<li>Routapiikki, kivien ja kantojen poistoon<\/li>\n\n\n\n<li>Per\u00e4k\u00e4rryll\u00e4 kuljetus: per\u00e4k\u00e4rryn leveys min. 170 cm<\/li>\n<\/ul>\n\n\n\n<p><strong>Vuokraushinnasto<\/strong> (hinnat sis\u00e4lt\u00e4v\u00e4t alv 25,5%)<\/p>\n\n\n\n<ul class=\"wp-block-list\">\n<li>1 pv (24h)&nbsp;&nbsp;&nbsp;&nbsp;&nbsp;&nbsp;&nbsp;&nbsp;&nbsp;&nbsp; &nbsp; 130 \u20ac&nbsp;&nbsp;&nbsp;&nbsp;&nbsp;&nbsp;&nbsp;<\/li>\n\n\n\n<li>2 pv (24h)&nbsp;&nbsp;&nbsp;&nbsp;&nbsp;&nbsp;&nbsp;&nbsp;&nbsp;&nbsp; &nbsp; 190 \u20ac<\/li>\n\n\n\n<li>3 pv (24h)&nbsp;&nbsp;&nbsp;&nbsp;&nbsp;&nbsp;&nbsp;&nbsp;&nbsp;&nbsp; &nbsp; 240 \u20ac<\/li>\n\n\n\n<li>1 viikko&nbsp;&nbsp;&nbsp;&nbsp;&nbsp;&nbsp;&nbsp;&nbsp;&nbsp;&nbsp;&nbsp;&nbsp;&nbsp;&nbsp; &nbsp; 390 \u20ac<\/li>\n\n\n\n<li>pidemm\u00e4t vuokraukset \/ sopimuksen mukaan<\/li>\n<\/ul>\n\n\n\n<p>Hintaan sis\u00e4ltyy: 3 kauhaa, tartuntapeukalo ja routapiikki<\/p>\n\n\n\n<ul class=\"wp-block-list\">\n<li>Jarrullinen per\u00e4k\u00e4rry, kok.paino 1300 kg (1800*3500mm), koneen vuokrauksen yhteydess\u00e4 lis\u00e4hintaan, +25 \u20ac \/ p\u00e4iv\u00e4<\/li>\n\n\n\n<li>Vaihtoehtoisesti kuljetus: 30 \u20ac \/suunta, max. 15 km. Yli 15 km, +1,00 \u20ac \/ km<\/li>\n<\/ul>\n\n\n\n<p>Pienkaivuuty\u00f6t kuljettajalla (sis. alv 25,5%)<\/p>\n\n\n\n<ul class=\"wp-block-list\">\n<li>Tuntiveloitus: 60 \u20ac \/ h<\/li>\n\n\n\n<li>Minimilaskutus: 4 tuntia \/ 240 \u20ac<\/li>\n<\/ul>\n\n\n\n<p>Kaivuulaite noudetaan ja palautetaan polttoainetankki t\u00e4ynn\u00e4. Polttoaine 98E bensiini tai 4T-pienkonebensiini. Tankkaamatta j\u00e4\u00e4neest\u00e4 laitteesta veloitetaan kiinte\u00e4 20 \u20ac tankkausmaksu.<\/p>\n\n\n\n<p>Kaivuulaite on puhdistettava ennen palautusta. Puhdistamatta j\u00e4\u00e4neest\u00e4 laitteesta veloitetaan 30 \u20ac lis\u00e4maksu. Kurainen laite pest\u00e4\u00e4n vedell\u00e4 ja p\u00f6lyinen laite vain puhdistetaan paineilmalla tai poistamalla suurimmat roskat.<\/p>\n\n\n\n<p>Vuokrauksesta tehd\u00e4\u00e4n kirjallinen vuokrasopimus, jonka vuokrausehdot voit katsoa t\u00e4st\u00e4 linkist\u00e4: <a href=\"https:\/\/drive.google.com\/file\/d\/1eCNzuokyPWWU3EHOMGgNeyp__Fs8GFF_\/view?usp=sharing\" target=\"_blank\" rel=\"noreferrer noopener\">Vuokrausehdot<\/a><\/p>\n\n\n\n<p>Ota yhteytt\u00e4 ja kysy tai tule ihan k\u00e4ym\u00e4\u00e4n. Soita tai l\u00e4het\u00e4 tekstaria tai s\u00e4hk\u00f6postia. My\u00f6s WhatsAppilla ja sivuilla olevalla yhteydenottolomakkeella voit ottaa yhteytt\u00e4. Voin esitell\u00e4 kaivuulaitteen k\u00e4ytt\u00f6\u00e4 k\u00e4yt\u00e4nn\u00f6ss\u00e4, tuossa pihalla. Ota yhteytt\u00e4 rohkeasti, minulla on kyll\u00e4 aikaa vastata kysymyksiin ja esitell\u00e4 laitetta. Vaikka nyt jo, ennen roudan sulamista.<\/p>\n\n\n\n<p>Kaivuuhommiin sitten roudan sulattua&#8230;<\/p>\n\n\n\n<p><\/p>\n","protected":false},"excerpt":{"rendered":"<p>Timco ATV-570R Pro Vuokraus alkaen, 130 \u20ac (sis. alv 25,5%) =&gt; hinnasto ja tekniset tiedot ovat sivulla alempana Mik\u00e4li laitteen k\u00e4ytt\u00f6 ja hallinta tuntuu liian haasteelliselta, olen valmis my\u00f6s tekem\u00e4\u00e4n kaivuuty\u00f6si. Ilmainen arviointik\u00e4ynti, Rovaniemen l\u00e4hiymp\u00e4rist\u00f6. Kaivuulaite on uusi ja se on 360 astetta ymp\u00e4ripy\u00f6riv\u00e4\u00e4 mallia. Laite on my\u00f6s Pro mallia, joten siin\u00e4 on lis\u00e4hydrauliikka, hydraulisten&#8230;<\/p>\n","protected":false},"author":1,"featured_media":0,"parent":0,"menu_order":0,"comment_status":"closed","ping_status":"closed","template":"","meta":{"_kadence_starter_templates_imported_post":false,"_kad_post_transparent":"","_kad_post_title":"","_kad_post_layout":"","_kad_post_sidebar_id":"","_kad_post_content_style":"","_kad_post_vertical_padding":"","_kad_post_feature":"","_kad_post_feature_position":"","_kad_post_header":false,"_kad_post_footer":false,"_kad_post_classname":"","footnotes":""},"class_list":["post-1123","page","type-page","status-publish","hentry"],"yoast_head":"<!-- This site is optimized with the Yoast SEO plugin v27.5 - https:\/\/yoast.com\/product\/yoast-seo-wordpress\/ -->\n<title>Vuokrataan ATV kaivuulaite - Vuokrataan asuntovaunuja Rovaniemelt&auml;<\/title>\n<meta name=\"robots\" content=\"index, follow, max-snippet:-1, max-image-preview:large, max-video-preview:-1\" \/>\n<link rel=\"canonical\" href=\"https:\/\/www.lapinkulkuri.fi\/index.php\/timco-atv-570r-pro\/\" \/>\n<meta property=\"og:locale\" content=\"fi_FI\" \/>\n<meta property=\"og:type\" content=\"article\" \/>\n<meta property=\"og:title\" content=\"Vuokrataan ATV kaivuulaite - Vuokrataan asuntovaunuja Rovaniemelt&auml;\" \/>\n<meta property=\"og:description\" content=\"Timco ATV-570R Pro Vuokraus alkaen, 130 \u20ac (sis. alv 25,5%) =&gt; hinnasto ja tekniset tiedot ovat sivulla alempana Mik\u00e4li laitteen k\u00e4ytt\u00f6 ja hallinta tuntuu liian haasteelliselta, olen valmis my\u00f6s tekem\u00e4\u00e4n kaivuuty\u00f6si. Ilmainen arviointik\u00e4ynti, Rovaniemen l\u00e4hiymp\u00e4rist\u00f6. Kaivuulaite on uusi ja se on 360 astetta ymp\u00e4ripy\u00f6riv\u00e4\u00e4 mallia. Laite on my\u00f6s Pro mallia, joten siin\u00e4 on lis\u00e4hydrauliikka, hydraulisten...\" \/>\n<meta property=\"og:url\" content=\"https:\/\/www.lapinkulkuri.fi\/index.php\/timco-atv-570r-pro\/\" \/>\n<meta property=\"og:site_name\" content=\"Vuokrataan asuntovaunuja Rovaniemelt&auml;\" \/>\n<meta property=\"article:modified_time\" content=\"2026-04-27T06:22:45+00:00\" \/>\n<meta property=\"og:image\" content=\"https:\/\/www.lapinkulkuri.fi\/wp-content\/uploads\/2026\/04\/Timco_004.jpg\" \/>\n\t<meta property=\"og:image:width\" content=\"2048\" \/>\n\t<meta property=\"og:image:height\" content=\"1536\" \/>\n\t<meta property=\"og:image:type\" content=\"image\/jpeg\" \/>\n<meta name=\"twitter:card\" content=\"summary_large_image\" \/>\n<meta name=\"twitter:label1\" content=\"Arvioitu lukuaika\" \/>\n\t<meta name=\"twitter:data1\" content=\"5 minuuttia\" \/>\n<script type=\"application\/ld+json\" class=\"yoast-schema-graph\">{\"@context\":\"https:\\\/\\\/schema.org\",\"@graph\":[{\"@type\":\"WebPage\",\"@id\":\"https:\\\/\\\/www.lapinkulkuri.fi\\\/index.php\\\/timco-atv-570r-pro\\\/\",\"url\":\"https:\\\/\\\/www.lapinkulkuri.fi\\\/index.php\\\/timco-atv-570r-pro\\\/\",\"name\":\"Vuokrataan ATV kaivuulaite - Vuokrataan asuntovaunuja Rovaniemelt&auml;\",\"isPartOf\":{\"@id\":\"https:\\\/\\\/www.lapinkulkuri.fi\\\/#website\"},\"primaryImageOfPage\":{\"@id\":\"https:\\\/\\\/www.lapinkulkuri.fi\\\/index.php\\\/timco-atv-570r-pro\\\/#primaryimage\"},\"image\":{\"@id\":\"https:\\\/\\\/www.lapinkulkuri.fi\\\/index.php\\\/timco-atv-570r-pro\\\/#primaryimage\"},\"thumbnailUrl\":\"https:\\\/\\\/www.lapinkulkuri.fi\\\/wp-content\\\/uploads\\\/2026\\\/04\\\/Timco_004.jpg\",\"datePublished\":\"2026-04-03T06:12:27+00:00\",\"dateModified\":\"2026-04-27T06:22:45+00:00\",\"breadcrumb\":{\"@id\":\"https:\\\/\\\/www.lapinkulkuri.fi\\\/index.php\\\/timco-atv-570r-pro\\\/#breadcrumb\"},\"inLanguage\":\"fi\",\"potentialAction\":[{\"@type\":\"ReadAction\",\"target\":[\"https:\\\/\\\/www.lapinkulkuri.fi\\\/index.php\\\/timco-atv-570r-pro\\\/\"]}]},{\"@type\":\"ImageObject\",\"inLanguage\":\"fi\",\"@id\":\"https:\\\/\\\/www.lapinkulkuri.fi\\\/index.php\\\/timco-atv-570r-pro\\\/#primaryimage\",\"url\":\"https:\\\/\\\/www.lapinkulkuri.fi\\\/wp-content\\\/uploads\\\/2026\\\/04\\\/Timco_004.jpg\",\"contentUrl\":\"https:\\\/\\\/www.lapinkulkuri.fi\\\/wp-content\\\/uploads\\\/2026\\\/04\\\/Timco_004.jpg\",\"width\":2048,\"height\":1536},{\"@type\":\"BreadcrumbList\",\"@id\":\"https:\\\/\\\/www.lapinkulkuri.fi\\\/index.php\\\/timco-atv-570r-pro\\\/#breadcrumb\",\"itemListElement\":[{\"@type\":\"ListItem\",\"position\":1,\"name\":\"Etusivu\",\"item\":\"https:\\\/\\\/www.lapinkulkuri.fi\\\/\"},{\"@type\":\"ListItem\",\"position\":2,\"name\":\"Vuokrataan ATV kaivuulaite\"}]},{\"@type\":\"WebSite\",\"@id\":\"https:\\\/\\\/www.lapinkulkuri.fi\\\/#website\",\"url\":\"https:\\\/\\\/www.lapinkulkuri.fi\\\/\",\"name\":\"Asuntovaunun vuokraus - Rovaniemi\",\"description\":\"ATV kaivuulaite: pieniin kaivuut\u00f6ihin\",\"publisher\":{\"@id\":\"https:\\\/\\\/www.lapinkulkuri.fi\\\/#organization\"},\"potentialAction\":[{\"@type\":\"SearchAction\",\"target\":{\"@type\":\"EntryPoint\",\"urlTemplate\":\"https:\\\/\\\/www.lapinkulkuri.fi\\\/?s={search_term_string}\"},\"query-input\":{\"@type\":\"PropertyValueSpecification\",\"valueRequired\":true,\"valueName\":\"search_term_string\"}}],\"inLanguage\":\"fi\"},{\"@type\":\"Organization\",\"@id\":\"https:\\\/\\\/www.lapinkulkuri.fi\\\/#organization\",\"name\":\"Asuntovaunun vuokraus - Rovaniemi\",\"url\":\"https:\\\/\\\/www.lapinkulkuri.fi\\\/\",\"logo\":{\"@type\":\"ImageObject\",\"inLanguage\":\"fi\",\"@id\":\"https:\\\/\\\/www.lapinkulkuri.fi\\\/#\\\/schema\\\/logo\\\/image\\\/\",\"url\":\"https:\\\/\\\/www.lapinkulkuri.fi\\\/wp-content\\\/uploads\\\/2026\\\/04\\\/Lapin-Kulkuri-www-png.png\",\"contentUrl\":\"https:\\\/\\\/www.lapinkulkuri.fi\\\/wp-content\\\/uploads\\\/2026\\\/04\\\/Lapin-Kulkuri-www-png.png\",\"width\":1600,\"height\":800,\"caption\":\"Asuntovaunun vuokraus - Rovaniemi\"},\"image\":{\"@id\":\"https:\\\/\\\/www.lapinkulkuri.fi\\\/#\\\/schema\\\/logo\\\/image\\\/\"}}]}<\/script>\n<!-- \/ Yoast SEO plugin. -->","yoast_head_json":{"title":"Vuokrataan ATV kaivuulaite - Vuokrataan asuntovaunuja Rovaniemelt&auml;","robots":{"index":"index","follow":"follow","max-snippet":"max-snippet:-1","max-image-preview":"max-image-preview:large","max-video-preview":"max-video-preview:-1"},"canonical":"https:\/\/www.lapinkulkuri.fi\/index.php\/timco-atv-570r-pro\/","og_locale":"fi_FI","og_type":"article","og_title":"Vuokrataan ATV kaivuulaite - Vuokrataan asuntovaunuja Rovaniemelt&auml;","og_description":"Timco ATV-570R Pro Vuokraus alkaen, 130 \u20ac (sis. alv 25,5%) =&gt; hinnasto ja tekniset tiedot ovat sivulla alempana Mik\u00e4li laitteen k\u00e4ytt\u00f6 ja hallinta tuntuu liian haasteelliselta, olen valmis my\u00f6s tekem\u00e4\u00e4n kaivuuty\u00f6si. Ilmainen arviointik\u00e4ynti, Rovaniemen l\u00e4hiymp\u00e4rist\u00f6. Kaivuulaite on uusi ja se on 360 astetta ymp\u00e4ripy\u00f6riv\u00e4\u00e4 mallia. Laite on my\u00f6s Pro mallia, joten siin\u00e4 on lis\u00e4hydrauliikka, hydraulisten...","og_url":"https:\/\/www.lapinkulkuri.fi\/index.php\/timco-atv-570r-pro\/","og_site_name":"Vuokrataan asuntovaunuja Rovaniemelt&auml;","article_modified_time":"2026-04-27T06:22:45+00:00","og_image":[{"width":2048,"height":1536,"url":"https:\/\/www.lapinkulkuri.fi\/wp-content\/uploads\/2026\/04\/Timco_004.jpg","type":"image\/jpeg"}],"twitter_card":"summary_large_image","twitter_misc":{"Arvioitu lukuaika":"5 minuuttia"},"schema":{"@context":"https:\/\/schema.org","@graph":[{"@type":"WebPage","@id":"https:\/\/www.lapinkulkuri.fi\/index.php\/timco-atv-570r-pro\/","url":"https:\/\/www.lapinkulkuri.fi\/index.php\/timco-atv-570r-pro\/","name":"Vuokrataan ATV kaivuulaite - Vuokrataan asuntovaunuja Rovaniemelt&auml;","isPartOf":{"@id":"https:\/\/www.lapinkulkuri.fi\/#website"},"primaryImageOfPage":{"@id":"https:\/\/www.lapinkulkuri.fi\/index.php\/timco-atv-570r-pro\/#primaryimage"},"image":{"@id":"https:\/\/www.lapinkulkuri.fi\/index.php\/timco-atv-570r-pro\/#primaryimage"},"thumbnailUrl":"https:\/\/www.lapinkulkuri.fi\/wp-content\/uploads\/2026\/04\/Timco_004.jpg","datePublished":"2026-04-03T06:12:27+00:00","dateModified":"2026-04-27T06:22:45+00:00","breadcrumb":{"@id":"https:\/\/www.lapinkulkuri.fi\/index.php\/timco-atv-570r-pro\/#breadcrumb"},"inLanguage":"fi","potentialAction":[{"@type":"ReadAction","target":["https:\/\/www.lapinkulkuri.fi\/index.php\/timco-atv-570r-pro\/"]}]},{"@type":"ImageObject","inLanguage":"fi","@id":"https:\/\/www.lapinkulkuri.fi\/index.php\/timco-atv-570r-pro\/#primaryimage","url":"https:\/\/www.lapinkulkuri.fi\/wp-content\/uploads\/2026\/04\/Timco_004.jpg","contentUrl":"https:\/\/www.lapinkulkuri.fi\/wp-content\/uploads\/2026\/04\/Timco_004.jpg","width":2048,"height":1536},{"@type":"BreadcrumbList","@id":"https:\/\/www.lapinkulkuri.fi\/index.php\/timco-atv-570r-pro\/#breadcrumb","itemListElement":[{"@type":"ListItem","position":1,"name":"Etusivu","item":"https:\/\/www.lapinkulkuri.fi\/"},{"@type":"ListItem","position":2,"name":"Vuokrataan ATV kaivuulaite"}]},{"@type":"WebSite","@id":"https:\/\/www.lapinkulkuri.fi\/#website","url":"https:\/\/www.lapinkulkuri.fi\/","name":"Asuntovaunun vuokraus - Rovaniemi","description":"ATV kaivuulaite: pieniin kaivuut\u00f6ihin","publisher":{"@id":"https:\/\/www.lapinkulkuri.fi\/#organization"},"potentialAction":[{"@type":"SearchAction","target":{"@type":"EntryPoint","urlTemplate":"https:\/\/www.lapinkulkuri.fi\/?s={search_term_string}"},"query-input":{"@type":"PropertyValueSpecification","valueRequired":true,"valueName":"search_term_string"}}],"inLanguage":"fi"},{"@type":"Organization","@id":"https:\/\/www.lapinkulkuri.fi\/#organization","name":"Asuntovaunun vuokraus - Rovaniemi","url":"https:\/\/www.lapinkulkuri.fi\/","logo":{"@type":"ImageObject","inLanguage":"fi","@id":"https:\/\/www.lapinkulkuri.fi\/#\/schema\/logo\/image\/","url":"https:\/\/www.lapinkulkuri.fi\/wp-content\/uploads\/2026\/04\/Lapin-Kulkuri-www-png.png","contentUrl":"https:\/\/www.lapinkulkuri.fi\/wp-content\/uploads\/2026\/04\/Lapin-Kulkuri-www-png.png","width":1600,"height":800,"caption":"Asuntovaunun vuokraus - Rovaniemi"},"image":{"@id":"https:\/\/www.lapinkulkuri.fi\/#\/schema\/logo\/image\/"}}]}},"_links":{"self":[{"href":"https:\/\/www.lapinkulkuri.fi\/index.php\/wp-json\/wp\/v2\/pages\/1123","targetHints":{"allow":["GET"]}}],"collection":[{"href":"https:\/\/www.lapinkulkuri.fi\/index.php\/wp-json\/wp\/v2\/pages"}],"about":[{"href":"https:\/\/www.lapinkulkuri.fi\/index.php\/wp-json\/wp\/v2\/types\/page"}],"author":[{"embeddable":true,"href":"https:\/\/www.lapinkulkuri.fi\/index.php\/wp-json\/wp\/v2\/users\/1"}],"replies":[{"embeddable":true,"href":"https:\/\/www.lapinkulkuri.fi\/index.php\/wp-json\/wp\/v2\/comments?post=1123"}],"version-history":[{"count":74,"href":"https:\/\/www.lapinkulkuri.fi\/index.php\/wp-json\/wp\/v2\/pages\/1123\/revisions"}],"predecessor-version":[{"id":1336,"href":"https:\/\/www.lapinkulkuri.fi\/index.php\/wp-json\/wp\/v2\/pages\/1123\/revisions\/1336"}],"wp:attachment":[{"href":"https:\/\/www.lapinkulkuri.fi\/index.php\/wp-json\/wp\/v2\/media?parent=1123"}],"curies":[{"name":"wp","href":"https:\/\/api.w.org\/{rel}","templated":true}]}}